{"id":7615,"date":"2023-02-02T15:07:51","date_gmt":"2023-02-02T14:07:51","guid":{"rendered":"https:\/\/patchwork.law\/?page_id=7615"},"modified":"2023-04-01T14:55:40","modified_gmt":"2023-04-01T12:55:40","slug":"delannee-cecilia-legal-assistant","status":"publish","type":"page","link":"https:\/\/dev.patchwork.law\/en\/delannee-cecilia-legal-assistant\/","title":{"rendered":"Delann\u00e9e Cecilia"},"content":{"rendered":"<section class=\"wpb-content-wrapper\"><p>[vc_row full_width=&#8221;stretch_row_content&#8221; full_height=&#8221;yes&#8221; equal_height=&#8221;yes&#8221; content_placement=&#8221;top&#8221; css=&#8221;.vc_custom_1608200050448{background-color: #ffffff !important;}&#8221; el_class=&#8221;LAWS&#8221;][vc_column width=&#8221;1\/2&#8243; css=&#8221;.vc_custom_1675346912633{background-image: url(https:\/\/patchwork.law\/wp-content\/uploads\/2023\/02\/cecilia-delannee-assistante-juridique.jpg?id=7618) !important;}&#8221;][vc_row_inner full_height=&#8221;yes&#8221; equal_height=&#8221;yes&#8221; content_placement=&#8221;middle&#8221;][vc_column_inner width=&#8221;2\/3&#8243; css=&#8221;.vc_custom_1496945933967{padding-top: 0px !important;padding-bottom: 0px !important;}&#8221; offset=&#8221;vc_col-md-offset-2&#8243; align=&#8221;text-lg-center&#8221;][\/vc_column_inner][\/vc_row_inner][\/vc_column][vc_column width=&#8221;1\/2&#8243; css=&#8221;.vc_custom_1496946096818{padding-right: 15% !important;padding-left: 15% !important;}&#8221;][vc_column_text css=&#8221;.vc_custom_1675347689760{margin-bottom: 50px !important;}&#8221;]<\/p>\n<h1>Cecilia Delann\u00e9e<\/h1>\n<h2>Legal Assistant<\/h2>\n<p><span style=\"font-size: 18px;\"><strong>delannee@patchwork.law<\/strong><\/span><\/p>\n<p><a class=\"\" href=\"https:\/\/www.linkedin.com\/in\/c%C3%A9cilia-delann%C3%A9e-455907166\/\" target=\"_blank\" rel=\"noopener\"><strong> <img decoding=\"async\" class=\"alignnone size-full wp-image-1285\" src=\"https:\/\/patchwork.law\/wp-content\/uploads\/2019\/01\/linkedin-logo.png\" alt=\"\" width=\"32 \" height=\"32\" \/><\/strong><\/a><\/p>\n<p><span style=\"font-size: 16px;\">After obtaining her Certificate of Professional Qualification as a legal secretary at ENADEP in 2011, C\u00e9cilia Delann\u00e9e continued her studies and obtained a master 1 in business law at the University of Paris 1 Panth\u00e9on-Sorbonne.<\/span><\/p>\n<p><span style=\"font-size: 16px;\">At the same time, she continued her professional career in several law firms specializing in labor law, including CMS FRANCIS LEFEBVRE AVOCATS and LPS AVOCATS.<\/span><\/p>\n<h3><strong>EDUCATION<\/strong><\/h3>\n<ul>\n<li><span style=\"color: #00b176;\">CQP legal secretary at ENADEP (November 2011)<\/span><\/li>\n<li><span style=\"color: #00b176;\">Master 1 in business law at the University of Paris 1 Panth\u00e9on Sorbonne (June 2019)<\/span><\/li>\n<\/ul>\n<h4>LANGUAGES<\/h4>\n<ul>\n<li><span style=\"color: #00b176;\">English<\/span><\/li>\n<li><span style=\"color: #00b176;\">English<\/span><\/li>\n<li><span style=\"color: #00b176;\">Spanish<\/span><\/li>\n<\/ul>\n<p>[\/vc_column_text][\/vc_column][\/vc_row][vc_row][vc_column][vc_empty_space height=&#8221;50px&#8221;]<style>.ra_carousel_69ff19b61e380 .flickity-page-dots .dot{background:#ffffff;opacity:1;}.ra_carousel_69ff19b61e380 .flickity-page-dots .dot.is-selected{background:#ffffff;}<\/style><div id=\"ra_carousel_69ff19b61e380\" class=\"carousel-container product-bordered carousel-nav-style9 nav-dark ra_carousel_69ff19b61e380\" data-flickity-options='{\"cellAlign\":\"center\",\"groupCells\":true,\"prevNextButtons\":true,\"pauseAutoPlayOnHover\":false}'>\n\n\t<div class=\"carousel-nav\">\n\t<button class=\"flickity-prev-next-button previous\"><i class=\"fa fa-angle-left\"><\/i><\/button>\n\t<button class=\"flickity-prev-next-button next\"><i class=\"fa fa-angle-right\"><\/i><\/button>\n<\/div>\n\t<div class=\"row carousel-items \">\n\t<div class=\"col-md-3 col-sm-6 col-xs-12\"><div class=\"team-member team-member-hover-social-special ra_team_member_69ff19b61e5fa\" id=\"ra_team_member_69ff19b61e5fa\">\n\n\t<figure>\n\t\t<img loading=\"lazy\" decoding=\"async\" width=\"600\" height=\"900\" src=\"https:\/\/dev.patchwork.law\/wp-content\/uploads\/2019\/05\/laurent-moreuil-avocat-droit-du-travail-e1624878806561.jpg\" class=\"attachment-full size-full\" alt=\"L. Moreuil avocat droit travail\" data-rjs=\"https:\/\/dev.patchwork.law\/wp-content\/uploads\/2019\/05\/laurent-moreuil-avocat-droit-du-travail-e1624878806561.jpg\" \/>\t<\/figure>\n\n\t<div class=\"team-member-details\">\n\t\t<ul class=\"social-icon scheme-white\"><\/ul>\t\t<h4 class=\"team-member-name\"><a href=\"\/en\/laurent-moreuil\/\">Laurent Moreuil<\/a><\/h4>\t\t<h5 class=\"team-member-title text-uppercase\">Lawyer<\/h5>\t<\/div><!-- \/.team-member-details -->\n\n<\/div><!-- \/.team-member --><\/div><div class=\"col-md-3 col-sm-6 col-xs-12\"><div class=\"team-member team-member-hover-social-special ra_team_member_69ff19b61ece5\" id=\"ra_team_member_69ff19b61ece5\">\n\n\t<figure>\n\t\t<img loading=\"lazy\" decoding=\"async\" width=\"600\" height=\"900\" src=\"https:\/\/dev.patchwork.law\/wp-content\/uploads\/2019\/05\/stephanie-ropars-avocate-droit-du-travail-e1560508297341.jpg\" class=\"attachment-full size-full\" alt=\"St\u00e9phanie Ropars avocate droit du travail\" data-rjs=\"https:\/\/dev.patchwork.law\/wp-content\/uploads\/2019\/05\/stephanie-ropars-avocate-droit-du-travail-e1560508297341.jpg\" \/>\t<\/figure>\n\n\t<div class=\"team-member-details\">\n\t\t<ul class=\"social-icon scheme-white\"><\/ul>\t\t<h4 class=\"team-member-name\"><a href=\"\/en\/stephanie-ropars\/\">St\u00e9phanie Ropars<\/a><\/h4>\t\t<h5 class=\"team-member-title text-uppercase\">Lawyer<\/h5>\t<\/div><!-- \/.team-member-details -->\n\n<\/div><!-- \/.team-member --><\/div><div class=\"col-md-3 col-sm-6 col-xs-12\"><div class=\"team-member team-member-hover-social-special ra_team_member_69ff19b61f2fb\" id=\"ra_team_member_69ff19b61f2fb\">\n\n\t<figure>\n\t\t<img loading=\"lazy\" decoding=\"async\" width=\"400\" height=\"600\" src=\"https:\/\/dev.patchwork.law\/wp-content\/uploads\/2019\/11\/celine-bruneau-avocate-droit-du-travail-2.jpg\" class=\"attachment-full size-full\" alt=\"C\u00e9line Bruneau Droit du travail Paris\" data-rjs=\"https:\/\/dev.patchwork.law\/wp-content\/uploads\/2019\/11\/celine-bruneau-avocate-droit-du-travail-2.jpg\" srcset=\"https:\/\/dev.patchwork.law\/wp-content\/uploads\/2019\/11\/celine-bruneau-avocate-droit-du-travail-2.jpg 400w, https:\/\/dev.patchwork.law\/wp-content\/uploads\/2019\/11\/celine-bruneau-avocate-droit-du-travail-2-200x300.jpg 200w\" sizes=\"(max-width: 400px) 100vw, 400px\" \/>\t<\/figure>\n\n\t<div class=\"team-member-details\">\n\t\t<ul class=\"social-icon scheme-white\"><\/ul>\t\t<h4 class=\"team-member-name\"><a href=\"\/en\/celine-bruneau\/\">C\u00e9line Bruneau<\/a><\/h4>\t\t<h5 class=\"team-member-title text-uppercase\">Lawyer<\/h5>\t<\/div><!-- \/.team-member-details -->\n\n<\/div><!-- \/.team-member --><\/div><div class=\"col-md-3 col-sm-6 col-xs-12\"><div class=\"team-member team-member-hover-social-special ra_team_member_69ff19b61f7f9\" id=\"ra_team_member_69ff19b61f7f9\">\n\n\t<figure>\n\t\t<img loading=\"lazy\" decoding=\"async\" width=\"683\" height=\"1024\" src=\"https:\/\/dev.patchwork.law\/wp-content\/uploads\/2019\/06\/Lionel-Kohn.jpg\" class=\"attachment-full size-full\" alt=\"Lionel Kohn avocat\" data-rjs=\"https:\/\/dev.patchwork.law\/wp-content\/uploads\/2019\/06\/Lionel-Kohn.jpg\" srcset=\"https:\/\/dev.patchwork.law\/wp-content\/uploads\/2019\/06\/Lionel-Kohn.jpg 683w, https:\/\/dev.patchwork.law\/wp-content\/uploads\/2019\/06\/Lionel-Kohn-200x300.jpg 200w\" sizes=\"(max-width: 683px) 100vw, 683px\" \/>\t<\/figure>\n\n\t<div class=\"team-member-details\">\n\t\t<ul class=\"social-icon scheme-white\"><\/ul>\t\t<h4 class=\"team-member-name\"><a href=\"\/en\/lionel-kohn-corporate-lawyer\/\">Lionel Kohn<\/a><\/h4>\t\t<h5 class=\"team-member-title text-uppercase\">Lawyer<\/h5>\t<\/div><!-- \/.team-member-details -->\n\n<\/div><!-- \/.team-member --><\/div><div class=\"col-md-3 col-sm-6 col-xs-12\"><div class=\"team-member team-member-hover-social-special ra_team_member_69ff19b61fce3\" id=\"ra_team_member_69ff19b61fce3\">\n\n\t<figure>\n\t\t<img loading=\"lazy\" decoding=\"async\" width=\"400\" height=\"600\" src=\"https:\/\/dev.patchwork.law\/wp-content\/uploads\/2021\/06\/laurence-boyer-avocate-droit-travail.jpg\" class=\"attachment-full size-full\" alt=\"Laurence Boyer GIE Patchwork\" data-rjs=\"https:\/\/dev.patchwork.law\/wp-content\/uploads\/2021\/06\/laurence-boyer-avocate-droit-travail.jpg\" srcset=\"https:\/\/dev.patchwork.law\/wp-content\/uploads\/2021\/06\/laurence-boyer-avocate-droit-travail.jpg 400w, https:\/\/dev.patchwork.law\/wp-content\/uploads\/2021\/06\/laurence-boyer-avocate-droit-travail-200x300.jpg 200w\" sizes=\"(max-width: 400px) 100vw, 400px\" \/>\t<\/figure>\n\n\t<div class=\"team-member-details\">\n\t\t<ul class=\"social-icon scheme-white\"><\/ul>\t\t<h4 class=\"team-member-name\"><a href=\"https:\/\/patchwork.law\/en\/laurence-boyer-lawyer\/\">Laurence Boyer<\/a><\/h4>\t\t<h5 class=\"team-member-title text-uppercase\">Lawyer<\/h5>\t<\/div><!-- \/.team-member-details -->\n\n<\/div><!-- \/.team-member --><\/div><div class=\"col-md-3 col-sm-6 col-xs-12\"><div class=\"team-member team-member-hover-social-special ra_team_member_69ff19b6201f9\" id=\"ra_team_member_69ff19b6201f9\">\n\n\t<figure>\n\t\t<img loading=\"lazy\" decoding=\"async\" width=\"683\" height=\"1024\" src=\"https:\/\/dev.patchwork.law\/wp-content\/uploads\/2019\/05\/camille-pons-avocate-droit-du-travail.jpg\" class=\"attachment-full size-full\" alt=\"Camille Pons avocate droit du travail\" data-rjs=\"https:\/\/dev.patchwork.law\/wp-content\/uploads\/2019\/05\/camille-pons-avocate-droit-du-travail.jpg\" srcset=\"https:\/\/dev.patchwork.law\/wp-content\/uploads\/2019\/05\/camille-pons-avocate-droit-du-travail.jpg 683w, https:\/\/dev.patchwork.law\/wp-content\/uploads\/2019\/05\/camille-pons-avocate-droit-du-travail-200x300.jpg 200w\" sizes=\"(max-width: 683px) 100vw, 683px\" \/>\t<\/figure>\n\n\t<div class=\"team-member-details\">\n\t\t<ul class=\"social-icon scheme-white\"><\/ul>\t\t<h4 class=\"team-member-name\"><a href=\"\/en\/camille-pons\/\">Camille Pons<\/a><\/h4>\t\t<h5 class=\"team-member-title text-uppercase\">Lawyer<\/h5>\t<\/div><!-- \/.team-member-details -->\n\n<\/div><!-- \/.team-member --><\/div><div class=\"col-md-3 col-sm-6 col-xs-12\"><div class=\"team-member team-member-hover-social-special ra_team_member_69ff19b62064a\" id=\"ra_team_member_69ff19b62064a\">\n\n\t<figure>\n\t\t<img loading=\"lazy\" decoding=\"async\" width=\"683\" height=\"1024\" src=\"https:\/\/dev.patchwork.law\/wp-content\/uploads\/2019\/06\/Maxime-Berthoud.jpg\" class=\"attachment-full size-full\" alt=\"Maxime Berthoud\" data-rjs=\"https:\/\/dev.patchwork.law\/wp-content\/uploads\/2019\/06\/Maxime-Berthoud.jpg\" srcset=\"https:\/\/dev.patchwork.law\/wp-content\/uploads\/2019\/06\/Maxime-Berthoud.jpg 683w, https:\/\/dev.patchwork.law\/wp-content\/uploads\/2019\/06\/Maxime-Berthoud-200x300.jpg 200w\" sizes=\"(max-width: 683px) 100vw, 683px\" \/>\t<\/figure>\n\n\t<div class=\"team-member-details\">\n\t\t<ul class=\"social-icon scheme-white\"><\/ul>\t\t<h4 class=\"team-member-name\"><a href=\"\/en\/maxime-berthoud-corporate-lawyer\/\">Maxime Berthoud<\/a><\/h4>\t\t<h5 class=\"team-member-title text-uppercase\">Lawyer<\/h5>\t<\/div><!-- \/.team-member-details -->\n\n<\/div><!-- \/.team-member --><\/div><div class=\"col-md-3 col-sm-6 col-xs-12\"><div class=\"team-member team-member-hover-social-special ra_team_member_69ff19b620a44\" id=\"ra_team_member_69ff19b620a44\">\n\n\t<figure>\n\t\t<img loading=\"lazy\" decoding=\"async\" width=\"400\" height=\"600\" src=\"https:\/\/dev.patchwork.law\/wp-content\/uploads\/2021\/11\/ondine-weck-avocate-droit-du-travail.jpg\" class=\"attachment-full size-full\" alt=\"Ondine Weck - droit du travail\" data-rjs=\"https:\/\/dev.patchwork.law\/wp-content\/uploads\/2021\/11\/ondine-weck-avocate-droit-du-travail.jpg\" srcset=\"https:\/\/dev.patchwork.law\/wp-content\/uploads\/2021\/11\/ondine-weck-avocate-droit-du-travail.jpg 400w, https:\/\/dev.patchwork.law\/wp-content\/uploads\/2021\/11\/ondine-weck-avocate-droit-du-travail-200x300.jpg 200w\" sizes=\"(max-width: 400px) 100vw, 400px\" \/>\t<\/figure>\n\n\t<div class=\"team-member-details\">\n\t\t<ul class=\"social-icon scheme-white\"><\/ul>\t\t<h4 class=\"team-member-name\"><a href=\"\/en\/ondine-weck-lawyer\/\">Ondine Weck<\/a><\/h4>\t\t<h5 class=\"team-member-title text-uppercase\">Lawyer<\/h5>\t<\/div><!-- \/.team-member-details -->\n\n<\/div><!-- \/.team-member --><\/div>\t<\/div>\n\n\t\n<\/div>[vc_empty_space height=&#8221;50px&#8221;][\/vc_column][\/vc_row]<\/p>\n<\/section>","protected":false},"excerpt":{"rendered":"<p>[vc_row full_width=&#8221;stretch_row_content&#8221; full_height=&#8221;yes&#8221; equal_height=&#8221;yes&#8221; content_placement=&#8221;top&#8221; css=&#8221;.vc_custom_1608200050448{background-color: #ffffff !important;}&#8221; el_class=&#8221;LAWS&#8221;][vc_column width=&#8221;1\/2&#8243; css=&#8221;.vc_custom_1675346912633{background-image: url(https:\/\/patchwork.law\/wp-content\/uploads\/2023\/02\/cecilia-delannee-assistante-juridique.jpg?id=7618) !important;}&#8221;][vc_row_inner full_height=&#8221;yes&#8221; equal_height=&#8221;yes&#8221; content_placement=&#8221;middle&#8221;][vc_column_inner width=&#8221;2\/3&#8243; css=&#8221;.vc_custom_1496945933967{padding-top: 0px !important;padding-bottom: 0px !important;}&#8221; offset=&#8221;vc_col-md-offset-2&#8243; align=&#8221;text-lg-center&#8221;][\/vc_column_inner][\/vc_row_inner][\/vc_column][vc_column width=&#8221;1\/2&#8243; css=&#8221;.vc_custom_1496946096818{padding-right: 15% !important;padding-left: 15% !important;}&#8221;][vc_column_text css=&#8221;.vc_custom_1675347689760{margin-bottom: 50px !important;}&#8221;] Cecilia Delann\u00e9e Legal Assistant delannee@patchwork.law After obtaining her Certificate of Professional Qualification as a legal secretary at ENADEP in 2011, C\u00e9cilia Delann\u00e9e [&#8230;]<\/p>\n","protected":false},"author":6,"featured_media":0,"parent":0,"menu_order":0,"comment_status":"closed","ping_status":"closed","template":"","meta":{"inline_featured_image":false,"footnotes":""},"amp_enabled":true,"_links":{"self":[{"href":"https:\/\/dev.patchwork.law\/en\/wp-json\/wp\/v2\/pages\/7615"}],"collection":[{"href":"https:\/\/dev.patchwork.law\/en\/wp-json\/wp\/v2\/pages"}],"about":[{"href":"https:\/\/dev.patchwork.law\/en\/wp-json\/wp\/v2\/types\/page"}],"author":[{"embeddable":true,"href":"https:\/\/dev.patchwork.law\/en\/wp-json\/wp\/v2\/users\/6"}],"replies":[{"embeddable":true,"href":"https:\/\/dev.patchwork.law\/en\/wp-json\/wp\/v2\/comments?post=7615"}],"version-history":[{"count":7,"href":"https:\/\/dev.patchwork.law\/en\/wp-json\/wp\/v2\/pages\/7615\/revisions"}],"predecessor-version":[{"id":7634,"href":"https:\/\/dev.patchwork.law\/en\/wp-json\/wp\/v2\/pages\/7615\/revisions\/7634"}],"wp:attachment":[{"href":"https:\/\/dev.patchwork.law\/en\/wp-json\/wp\/v2\/media?parent=7615"}],"curies":[{"name":"wp","href":"https:\/\/api.w.org\/{rel}","templated":true}]}}